{"id":2,"date":"2023-07-31T12:51:51","date_gmt":"2023-07-31T12:51:51","guid":{"rendered":"https:\/\/duran.recoletos.net\/home\/recoletos\/domains\/duran.recoletos.net\/public_html\/?page_id=2"},"modified":"2026-04-16T21:16:06","modified_gmt":"2026-04-16T19:16:06","slug":"home","status":"publish","type":"page","link":"https:\/\/duranmusical.com\/","title":{"rendered":"Home"},"content":{"rendered":"\t\t<div data-elementor-type=\"wp-page\" data-elementor-id=\"2\" class=\"elementor elementor-2\" data-elementor-post-type=\"page\">\n\t\t\t\t\t\t<section class=\"elementor-section elementor-top-section elementor-element elementor-element-90a0cd9 elementor-section-boxed elementor-section-height-default elementor-section-height-default\" data-id=\"90a0cd9\" data-element_type=\"section\" data-e-type=\"section\" data-settings=\"{&quot;background_background&quot;:&quot;classic&quot;}\">\n\t\t\t\t\t\t\t<div class=\"elementor-background-overlay\"><\/div>\n\t\t\t\t\t\t\t<div class=\"elementor-container elementor-column-gap-default\">\n\t\t\t\t\t<div class=\"elementor-column elementor-col-100 elementor-top-column elementor-element elementor-element-fbdd919\" data-id=\"fbdd919\" data-element_type=\"column\" data-e-type=\"column\">\n\t\t\t<div class=\"elementor-widget-wrap elementor-element-populated\">\n\t\t\t\t\t\t<div class=\"elementor-element elementor-element-1a5b15a elementor-widget__width-initial elementor-widget-mobile__width-initial elementor-widget elementor-widget-heading\" data-id=\"1a5b15a\" data-element_type=\"widget\" data-e-type=\"widget\" data-widget_type=\"heading.default\">\n\t\t\t\t<div class=\"elementor-widget-container\">\n\t\t\t\t\t<h2 class=\"elementor-heading-title elementor-size-default\">Jos\u00e9 Manuel Gonz\u00e1lez Dur\u00e1n<\/h2>\t\t\t\t<\/div>\n\t\t\t\t<\/div>\n\t\t\t\t<div class=\"elementor-element elementor-element-e8071ef elementor-widget__width-initial elementor-widget-mobile__width-initial elementor-widget elementor-widget-text-editor\" data-id=\"e8071ef\" data-element_type=\"widget\" data-e-type=\"widget\" data-widget_type=\"text-editor.default\">\n\t\t\t\t<div class=\"elementor-widget-container\">\n\t\t\t\t\t\t\t\t\t<p>Bienvenido al sitio web de la m\u00fasica de Jos\u00e9 Manuel Gonz\u00e1lez Dur\u00e1n, sacerdote de la Orden de Agustinos Recoletos, cuyas canciones religiosas y lit\u00fargicas reflejan su fe y su pasi\u00f3n por difundir alegr\u00eda y esperanza. Explora su colecci\u00f3n de inspiradoras canciones religiosas y lit\u00fargicas que elevar\u00e1n tu esp\u00edritu. Descubre la belleza y el poder de su m\u00fasica y deja que te inspire en tu propio camino espiritual.<\/p>\t\t\t\t\t\t\t\t<\/div>\n\t\t\t\t<\/div>\n\t\t\t\t\t<\/div>\n\t\t<\/div>\n\t\t\t\t\t<\/div>\n\t\t<\/section>\n\t\t\t\t<section class=\"elementor-section elementor-top-section elementor-element elementor-element-2e0d781 elementor-section-boxed elementor-section-height-default elementor-section-height-default\" data-id=\"2e0d781\" data-element_type=\"section\" data-e-type=\"section\">\n\t\t\t\t\t\t<div class=\"elementor-container elementor-column-gap-default\">\n\t\t\t\t\t<div class=\"elementor-column elementor-col-50 elementor-top-column elementor-element elementor-element-177c569\" data-id=\"177c569\" data-element_type=\"column\" data-e-type=\"column\">\n\t\t\t<div class=\"elementor-widget-wrap elementor-element-populated\">\n\t\t\t\t\t\t<div class=\"elementor-element elementor-element-4ced240 elementor-widget elementor-widget-image\" data-id=\"4ced240\" data-element_type=\"widget\" data-e-type=\"widget\" data-widget_type=\"image.default\">\n\t\t\t\t<div class=\"elementor-widget-container\">\n\t\t\t\t\t\t\t\t\t\t\t\t\t\t\t<img fetchpriority=\"high\" decoding=\"async\" width=\"300\" height=\"300\" src=\"https:\/\/duranmusical.com\/wp-content\/uploads\/2023\/07\/elamorsiempre-cover-zoom-300x300.jpeg\" class=\"attachment-medium size-medium wp-image-51\" alt=\"\" srcset=\"https:\/\/duranmusical.com\/wp-content\/uploads\/2023\/07\/elamorsiempre-cover-zoom-300x300.jpeg 300w, https:\/\/duranmusical.com\/wp-content\/uploads\/2023\/07\/elamorsiempre-cover-zoom-150x150.jpeg 150w, https:\/\/duranmusical.com\/wp-content\/uploads\/2023\/07\/elamorsiempre-cover-zoom-768x768.jpeg 768w, https:\/\/duranmusical.com\/wp-content\/uploads\/2023\/07\/elamorsiempre-cover-zoom-500x500.jpeg 500w, https:\/\/duranmusical.com\/wp-content\/uploads\/2023\/07\/elamorsiempre-cover-zoom.jpeg 1000w\" sizes=\"(max-width: 300px) 100vw, 300px\" \/>\t\t\t\t\t\t\t\t\t\t\t\t\t\t\t<\/div>\n\t\t\t\t<\/div>\n\t\t\t\t\t<\/div>\n\t\t<\/div>\n\t\t\t\t<div class=\"elementor-column elementor-col-50 elementor-top-column elementor-element elementor-element-a678992\" data-id=\"a678992\" data-element_type=\"column\" data-e-type=\"column\">\n\t\t\t<div class=\"elementor-widget-wrap elementor-element-populated\">\n\t\t\t\t\t\t<div class=\"elementor-element elementor-element-6e3f553 elementor-widget elementor-widget-html\" data-id=\"6e3f553\" data-element_type=\"widget\" data-e-type=\"widget\" data-widget_type=\"html.default\">\n\t\t\t\t<div class=\"elementor-widget-container\">\n\t\t\t\t\t<iframe style=\"border-radius:12px\" src=\"https:\/\/open.spotify.com\/embed\/album\/5EpO77FJjEZcQM0U67dUoP?utm_source=generator\" width=\"100%\" height=\"600\" frameBorder=\"0\" allowfullscreen=\"\" allow=\"autoplay; clipboard-write; encrypted-media; fullscreen; picture-in-picture\" loading=\"lazy\"><\/iframe>\t\t\t\t<\/div>\n\t\t\t\t<\/div>\n\t\t\t\t\t<\/div>\n\t\t<\/div>\n\t\t\t\t\t<\/div>\n\t\t<\/section>\n\t\t\t\t<\/div>\n\t\t","protected":false},"excerpt":{"rendered":"<p>Jos\u00e9 Manuel Gonz\u00e1lez Dur\u00e1n Bienvenido al sitio web de la m\u00fasica de Jos\u00e9 Manuel Gonz\u00e1lez Dur\u00e1n, sacerdote de la Orden de Agustinos Recoletos, cuyas canciones religiosas y lit\u00fargicas reflejan su fe y su pasi\u00f3n por difundir alegr\u00eda y esperanza. Explora su colecci\u00f3n de inspiradoras canciones religiosas y lit\u00fargicas que elevar\u00e1n tu esp\u00edritu. Descubre la belleza [&hellip;]<\/p>\n","protected":false},"author":1,"featured_media":0,"parent":0,"menu_order":0,"comment_status":"closed","ping_status":"closed","template":"full-width.php","meta":{"_acf_changed":false,"footnotes":""},"class_list":["post-2","page","type-page","status-publish","hentry"],"acf":[],"_links":{"self":[{"href":"https:\/\/duranmusical.com\/index.php?rest_route=\/wp\/v2\/pages\/2","targetHints":{"allow":["GET"]}}],"collection":[{"href":"https:\/\/duranmusical.com\/index.php?rest_route=\/wp\/v2\/pages"}],"about":[{"href":"https:\/\/duranmusical.com\/index.php?rest_route=\/wp\/v2\/types\/page"}],"author":[{"embeddable":true,"href":"https:\/\/duranmusical.com\/index.php?rest_route=\/wp\/v2\/users\/1"}],"replies":[{"embeddable":true,"href":"https:\/\/duranmusical.com\/index.php?rest_route=%2Fwp%2Fv2%2Fcomments&post=2"}],"version-history":[{"count":59,"href":"https:\/\/duranmusical.com\/index.php?rest_route=\/wp\/v2\/pages\/2\/revisions"}],"predecessor-version":[{"id":113,"href":"https:\/\/duranmusical.com\/index.php?rest_route=\/wp\/v2\/pages\/2\/revisions\/113"}],"wp:attachment":[{"href":"https:\/\/duranmusical.com\/index.php?rest_route=%2Fwp%2Fv2%2Fmedia&parent=2"}],"curies":[{"name":"wp","href":"https:\/\/api.w.org\/{rel}","templated":true}]}}